{"id":284,"date":"2016-02-26T16:18:08","date_gmt":"2016-02-26T15:18:08","guid":{"rendered":"http:\/\/viacrucismigrante.com\/?page_id=284"},"modified":"2022-09-25T13:16:02","modified_gmt":"2022-09-25T11:16:02","slug":"eventos","status":"publish","type":"page","link":"https:\/\/viacrucismigrante.com\/de\/eventos\/","title":{"rendered":"Veranstaltungen"},"content":{"rendered":"<p>[eme_events]<\/p>\n<p>Die vergangenen und zuk\u00fcnftigen Termine auch auf Facebook: <a href=\"http:\/\/www.facebook.com\/viacrucismigrante\/events\">www.facebook.com\/viacrucismigrante\/events<\/a> Bitte teilen, Freunde einladen und weitersagen!<!--more--><\/p>\n","protected":false},"excerpt":{"rendered":"<p>[eme_events] Die vergangenen und zuk\u00fcnftigen Termine auch auf Facebook: www.facebook.com\/viacrucismigrante\/events Bitte teilen, Freunde einladen und weitersagen!<\/p>\n","protected":false},"author":1,"featured_media":0,"parent":0,"menu_order":0,"comment_status":"closed","ping_status":"closed","template":"","meta":{"jetpack_post_was_ever_published":false,"footnotes":""},"class_list":["post-284","page","type-page","status-publish","hentry"],"yoast_head":"<!-- This site is optimized with the Yoast SEO plugin v27.4 - https:\/\/yoast.com\/product\/yoast-seo-wordpress\/ -->\n<title>Veranstaltungen<\/title>\n<meta name=\"description\" content=\"[eme_events] Die vergangenen und zuk\u00fcnftigen Termine auch auf Facebook: www.facebook.com\/viacrucismigrante\/events Bitte teilen, Freunde einladen und weitersagen!\" \/>\n<meta name=\"robots\" content=\"index, follow, max-snippet:-1, max-image-preview:large, max-video-preview:-1\" \/>\n<link rel=\"canonical\" href=\"\" \/>\n<meta property=\"og:locale\" content=\"de_DE\" \/>\n<meta property=\"og:type\" content=\"article\" \/>\n<meta property=\"og:title\" content=\"Veranstaltungen\" \/>\n<meta property=\"og:description\" content=\"[eme_events] Die vergangenen und zuk\u00fcnftigen Termine auch auf Facebook: www.facebook.com\/viacrucismigrante\/events Bitte teilen, Freunde einladen und weitersagen!\" \/>\n<meta property=\"og:url\" content=\"https:\/\/viacrucismigrante.com\/de\/eventos\/\" \/>\n<meta property=\"og:site_name\" content=\"Dokumentarfilm\" \/>\n<meta property=\"article:publisher\" content=\"http:\/\/www.facebook.com\/transitmigrant\" \/>\n<meta property=\"article:modified_time\" content=\"2022-09-25T11:16:02+00:00\" \/>\n<meta property=\"og:image\" content=\"https:\/\/i0.wp.com\/viacrucismigrante.com\/wp-content\/uploads\/2015\/10\/cropped-Carlos-ITV4.jpg?fit=1200%2C800&ssl=1\" \/>\n\t<meta property=\"og:image:width\" content=\"1200\" \/>\n\t<meta property=\"og:image:height\" content=\"800\" \/>\n\t<meta property=\"og:image:type\" content=\"image\/jpeg\" \/>\n<meta name=\"twitter:card\" content=\"summary_large_image\" \/>\n<meta name=\"twitter:site\" content=\"@transitmigrant\" \/>\n<script type=\"application\/ld+json\" class=\"yoast-schema-graph\">{\"@context\":\"https:\\\/\\\/schema.org\",\"@graph\":[{\"@type\":\"WebPage\",\"@id\":\"https:\\\/\\\/viacrucismigrante.com\\\/de\\\/eventos\\\/\",\"url\":\"https:\\\/\\\/viacrucismigrante.com\\\/de\\\/eventos\\\/\",\"name\":\"Events - Dokumentarfilm\",\"isPartOf\":{\"@id\":\"https:\\\/\\\/viacrucismigrante.com\\\/es\\\/#website\"},\"datePublished\":\"2016-02-26T15:18:08+00:00\",\"dateModified\":\"2022-09-25T11:16:02+00:00\",\"breadcrumb\":{\"@id\":\"https:\\\/\\\/viacrucismigrante.com\\\/de\\\/eventos\\\/#breadcrumb\"},\"inLanguage\":\"de\",\"potentialAction\":[{\"@type\":\"ReadAction\",\"target\":[\"https:\\\/\\\/viacrucismigrante.com\\\/de\\\/eventos\\\/\"]}]},{\"@type\":\"BreadcrumbList\",\"@id\":\"https:\\\/\\\/viacrucismigrante.com\\\/de\\\/eventos\\\/#breadcrumb\",\"itemListElement\":[{\"@type\":\"ListItem\",\"position\":1,\"name\":\"Dokumentarfilm \\\"Viacrucis Migrante - Kreuzweg der Migrant_innen\\\"\",\"item\":\"https:\\\/\\\/viacrucismigrante.com\\\/\"},{\"@type\":\"ListItem\",\"position\":2,\"name\":\"Veranstaltungen\"}]},{\"@type\":\"WebSite\",\"@id\":\"https:\\\/\\\/viacrucismigrante.com\\\/de\\\/es\\\/#website\",\"url\":\"https:\\\/\\\/viacrucismigrante.com\\\/de\\\/es\\\/\",\"name\":\"Dokumentarfilm\",\"description\":\"Viacrucis Migrante - Kreuzweg der Migrant_innen - Migrant crossing\",\"potentialAction\":[{\"@type\":\"SearchAction\",\"target\":{\"@type\":\"EntryPoint\",\"urlTemplate\":\"https:\\\/\\\/viacrucismigrante.com\\\/de\\\/es\\\/?s={search_term_string}\"},\"query-input\":{\"@type\":\"PropertyValueSpecification\",\"valueRequired\":true,\"valueName\":\"search_term_string\"}}],\"inLanguage\":\"de\"}]}<\/script>\n<!-- \/ Yoast SEO plugin. -->","yoast_head_json":{"title":"Veranstaltungen","description":"[eme_events] Die vergangenen und zuk\u00fcnftigen Termine auch auf Facebook: www.facebook.com\/viacrucismigrante\/events Bitte teilen, Freunde einladen und weitersagen!","robots":{"index":"index","follow":"follow","max-snippet":"max-snippet:-1","max-image-preview":"max-image-preview:large","max-video-preview":"max-video-preview:-1"},"canonical":"[eme_events] Die vergangenen und zuk\u00fcnftigen Termine auch auf Facebook: www.facebook.com\/viacrucismigrante\/events Bitte teilen, Freunde einladen und weitersagen!","og_locale":"de_DE","og_type":"article","og_title":"Veranstaltungen","og_description":"[eme_events] Die vergangenen und zuk\u00fcnftigen Termine auch auf Facebook: www.facebook.com\/viacrucismigrante\/events Bitte teilen, Freunde einladen und weitersagen!","og_url":"https:\/\/viacrucismigrante.com\/de\/eventos\/","og_site_name":"Dokumentarfilm","article_publisher":"http:\/\/www.facebook.com\/transitmigrant","article_modified_time":"2022-09-25T11:16:02+00:00","og_image":[{"width":1200,"height":800,"url":"https:\/\/i0.wp.com\/viacrucismigrante.com\/wp-content\/uploads\/2015\/10\/cropped-Carlos-ITV4.jpg?fit=1200%2C800&ssl=1","type":"image\/jpeg"}],"twitter_card":"summary_large_image","twitter_site":"@transitmigrant","schema":{"@context":"https:\/\/schema.org","@graph":[{"@type":"WebPage","@id":"https:\/\/viacrucismigrante.com\/de\/eventos\/","url":"https:\/\/viacrucismigrante.com\/de\/eventos\/","name":"Events - Dokumentarfilm","isPartOf":{"@id":"https:\/\/viacrucismigrante.com\/es\/#website"},"datePublished":"2016-02-26T15:18:08+00:00","dateModified":"2022-09-25T11:16:02+00:00","breadcrumb":{"@id":"https:\/\/viacrucismigrante.com\/de\/eventos\/#breadcrumb"},"inLanguage":"de","potentialAction":[{"@type":"ReadAction","target":["https:\/\/viacrucismigrante.com\/de\/eventos\/"]}]},{"@type":"BreadcrumbList","@id":"https:\/\/viacrucismigrante.com\/de\/eventos\/#breadcrumb","itemListElement":[{"@type":"ListItem","position":1,"name":"Dokumentarfilm \"Viacrucis Migrante - Kreuzweg der Migrant_innen\"","item":"https:\/\/viacrucismigrante.com\/"},{"@type":"ListItem","position":2,"name":"Veranstaltungen"}]},{"@type":"WebSite","@id":"https:\/\/viacrucismigrante.com\/de\/es\/#website","url":"https:\/\/viacrucismigrante.com\/de\/es\/","name":"Dokumentarfilm","description":"Viacrucis Migrante - Kreuzweg der Migrant_innen - Migrant crossing","potentialAction":[{"@type":"SearchAction","target":{"@type":"EntryPoint","urlTemplate":"https:\/\/viacrucismigrante.com\/de\/es\/?s={search_term_string}"},"query-input":{"@type":"PropertyValueSpecification","valueRequired":true,"valueName":"search_term_string"}}],"inLanguage":"de"}]}},"jetpack_sharing_enabled":true,"jetpack_shortlink":"https:\/\/wp.me\/P6Pgln-4A","jetpack-related-posts":[{"id":250,"url":"https:\/\/viacrucismigrante.com\/de\/links-unterstuetzer\/","url_meta":{"origin":284,"position":0},"title":"Links \/ Unterst\u00fctzer","author":"Hauke Lorenz","date":"31. Januar 2016","format":false,"excerpt":"Production Hauke Lorenz Filmproduktion and Supporters Filmf\u00f6rderung Hamburg Schleswig-Holstein, Filmwerkstatt Kiel Missionszentrale der Franziskaner Gef\u00f6rdert aus Mitteln der Kirchlichen Entwicklungsdienstes durch Brot f\u00fcr die Welt - Evangelischer Entwicklungsdienst Evangelisches Zentrum f\u00fcr entwicklungsbezogene Filmarbeit - EZEF MISEREOR Crowdfundingcampaign at Nordstarter and Startnext Partners Amnesty International Deutsche Menschenrechtskoordination Mexiko Migrantenherberge La72 in\u2026","rel":"","context":"\u00c4hnlicher Beitrag","block_context":{"text":"\u00c4hnlicher Beitrag","link":""},"img":{"alt_text":"TIDE","src":"https:\/\/i0.wp.com\/viacrucismigrante.com\/wp-content\/uploads\/2016\/02\/TIDE-Logo-11_2013_JPG-weiss-auf-gruen-1024x307.jpg?resize=350%2C200","width":350,"height":200},"classes":[]},{"id":888,"url":"https:\/\/viacrucismigrante.com\/de\/shop\/","url_meta":{"origin":284,"position":1},"title":"Shop","author":"Hauke Lorenz","date":"3. Mai 2017","format":false,"excerpt":"","rel":"","context":"\u00c4hnlicher Beitrag","block_context":{"text":"\u00c4hnlicher Beitrag","link":""},"img":{"alt_text":"","src":"","width":0,"height":0},"classes":[]},{"id":890,"url":"https:\/\/viacrucismigrante.com\/de\/warenkorb\/","url_meta":{"origin":284,"position":2},"title":"Warenkorb","author":"Hauke Lorenz","date":"3. Mai 2017","format":false,"excerpt":"[woocommerce_cart]","rel":"","context":"\u00c4hnlicher Beitrag","block_context":{"text":"\u00c4hnlicher Beitrag","link":""},"img":{"alt_text":"","src":"","width":0,"height":0},"classes":[]},{"id":921,"url":"https:\/\/viacrucismigrante.com\/de\/presskit\/","url_meta":{"origin":284,"position":3},"title":"Pressematerial","author":"Hauke Lorenz","date":"21. Juli 2017","format":false,"excerpt":"","rel":"","context":"\u00c4hnlicher Beitrag","block_context":{"text":"\u00c4hnlicher Beitrag","link":""},"img":{"alt_text":"","src":"","width":0,"height":0},"classes":[]},{"id":515,"url":"https:\/\/viacrucismigrante.com\/de\/orte\/","url_meta":{"origin":284,"position":4},"title":"Orte","author":"Hauke Lorenz","date":"2. Juni 2016","format":false,"excerpt":"[eme_locations]","rel":"","context":"\u00c4hnlicher Beitrag","block_context":{"text":"\u00c4hnlicher Beitrag","link":""},"img":{"alt_text":"","src":"","width":0,"height":0},"classes":[]},{"id":559,"url":"https:\/\/viacrucismigrante.com\/de\/chronosly-base\/","url_meta":{"origin":284,"position":5},"title":"Chronosly base","author":"Hauke Lorenz","date":"10. Juni 2016","format":false,"excerpt":"[chronoslybase]","rel":"","context":"\u00c4hnlicher Beitrag","block_context":{"text":"\u00c4hnlicher Beitrag","link":""},"img":{"alt_text":"","src":"","width":0,"height":0},"classes":[]}],"_links":{"self":[{"href":"https:\/\/viacrucismigrante.com\/de\/wp-json\/wp\/v2\/pages\/284","targetHints":{"allow":["GET"]}}],"collection":[{"href":"https:\/\/viacrucismigrante.com\/de\/wp-json\/wp\/v2\/pages"}],"about":[{"href":"https:\/\/viacrucismigrante.com\/de\/wp-json\/wp\/v2\/types\/page"}],"author":[{"embeddable":true,"href":"https:\/\/viacrucismigrante.com\/de\/wp-json\/wp\/v2\/users\/1"}],"replies":[{"embeddable":true,"href":"https:\/\/viacrucismigrante.com\/de\/wp-json\/wp\/v2\/comments?post=284"}],"version-history":[{"count":37,"href":"https:\/\/viacrucismigrante.com\/de\/wp-json\/wp\/v2\/pages\/284\/revisions"}],"predecessor-version":[{"id":3239,"href":"https:\/\/viacrucismigrante.com\/de\/wp-json\/wp\/v2\/pages\/284\/revisions\/3239"}],"wp:attachment":[{"href":"https:\/\/viacrucismigrante.com\/de\/wp-json\/wp\/v2\/media?parent=284"}],"curies":[{"name":"wp","href":"https:\/\/api.w.org\/{rel}","templated":true}]}}