{"id":250,"date":"2016-01-31T16:10:43","date_gmt":"2016-01-31T15:10:43","guid":{"rendered":"http:\/\/viacrucismigrante.com\/?page_id=250"},"modified":"2022-09-25T13:16:02","modified_gmt":"2022-09-25T11:16:02","slug":"links-unterstuetzer","status":"publish","type":"page","link":"https:\/\/viacrucismigrante.com\/es\/links-unterstuetzer\/","title":{"rendered":"Links \/ Supporters"},"content":{"rendered":"<p style=\"text-align: center;\"><strong>Production<br \/>\n<\/strong><\/p>\n<p style=\"text-align: center;\"><a href=\"http:\/\/www.haukelorenz.de\/\" target=\"_blank\" rel=\"noopener\">Hauke Lorenz Filmproduktion<\/a><\/p>\n<p style=\"text-align: center;\">and<\/p>\n<p style=\"text-align: center;\"><a href=\"http:\/\/tidenet.de\/\" target=\"_blank\" rel=\"http:\/\/tidenet.de\/ noopener\"><img data-recalc-dims=\"1\" loading=\"lazy\" decoding=\"async\" data-attachment-id=\"302\" data-permalink=\"https:\/\/viacrucismigrante.com\/es\/links-unterstuetzer\/tide-logo-11_2013_jpg-weiss-auf-gruen\/\" data-orig-file=\"https:\/\/i0.wp.com\/viacrucismigrante.com\/wp-content\/uploads\/2016\/02\/TIDE-Logo-11_2013_JPG-weiss-auf-gruen.jpg?fit=1334%2C400&amp;ssl=1\" data-orig-size=\"1334,400\" data-comments-opened=\"1\" data-image-meta=\"{&quot;aperture&quot;:&quot;0&quot;,&quot;credit&quot;:&quot;&quot;,&quot;camera&quot;:&quot;&quot;,&quot;caption&quot;:&quot;&quot;,&quot;created_timestamp&quot;:&quot;0&quot;,&quot;copyright&quot;:&quot;&quot;,&quot;focal_length&quot;:&quot;0&quot;,&quot;iso&quot;:&quot;0&quot;,&quot;shutter_speed&quot;:&quot;0&quot;,&quot;title&quot;:&quot;&quot;,&quot;orientation&quot;:&quot;0&quot;}\" data-image-title=\"TIDE Logo 11_2013_JPG weiss auf gruen\" data-image-description=\"\" data-image-caption=\"\" data-large-file=\"https:\/\/i0.wp.com\/viacrucismigrante.com\/wp-content\/uploads\/2016\/02\/TIDE-Logo-11_2013_JPG-weiss-auf-gruen.jpg?fit=500%2C150&amp;ssl=1\" class=\"aligncenter wp-image-302\" src=\"https:\/\/i0.wp.com\/viacrucismigrante.com\/wp-content\/uploads\/2016\/02\/TIDE-Logo-11_2013_JPG-weiss-auf-gruen.jpg?resize=334%2C100\" alt=\"TIDE\" width=\"334\" height=\"100\" srcset=\"https:\/\/i0.wp.com\/viacrucismigrante.com\/wp-content\/uploads\/2016\/02\/TIDE-Logo-11_2013_JPG-weiss-auf-gruen.jpg?resize=1024%2C307&amp;ssl=1 1024w, https:\/\/i0.wp.com\/viacrucismigrante.com\/wp-content\/uploads\/2016\/02\/TIDE-Logo-11_2013_JPG-weiss-auf-gruen.jpg?resize=300%2C90&amp;ssl=1 300w, https:\/\/i0.wp.com\/viacrucismigrante.com\/wp-content\/uploads\/2016\/02\/TIDE-Logo-11_2013_JPG-weiss-auf-gruen.jpg?resize=768%2C230&amp;ssl=1 768w, https:\/\/i0.wp.com\/viacrucismigrante.com\/wp-content\/uploads\/2016\/02\/TIDE-Logo-11_2013_JPG-weiss-auf-gruen.jpg?w=1334&amp;ssl=1 1334w\" sizes=\"auto, (max-width: 334px) 100vw, 334px\" \/><\/a><\/p>\n<p style=\"text-align: center;\">Supporters<\/p>\n<p style=\"text-align: center;\"><a href=\"http:\/\/www.ffhsh.de\/de\/ueber_die_filmfoerderung\/kiel.php\">Filmf\u00f6rderung Hamburg Schleswig-Holstein, Filmwerkstatt Kiel<\/a><\/p>\n<p style=\"text-align: center;\"><a href=\"http:\/\/mzf.org\/\">Missionszentrale der Franziskaner<\/a><\/p>\n<p style=\"text-align: center;\">Gef\u00f6rdert aus Mitteln der Kirchlichen Entwicklungsdienstes durch <a href=\"http:\/\/info.brot-fuer-die-welt.de\/inlandsfoerderung\/filmfoerderung\" target=\"_blank\" rel=\"noopener\">Brot f\u00fcr die Welt &#8211; Evangelischer Entwicklungsdienst<\/a><\/p>\n<p style=\"text-align: center;\"><a href=\"http:\/\/ezef.de\/\">Evangelisches Zentrum f\u00fcr entwicklungsbezogene Filmarbeit &#8211; EZEF<\/a><\/p>\n<p style=\"text-align: center;\"><a href=\"http:\/\/www.misereor.de\">MISEREOR<\/a><\/p>\n<p style=\"text-align: center;\">Crowdfundingcampaign at <a href=\"https:\/\/www.nordstarter.org\/en\/via-crucis-migrante\" target=\"_blank\" rel=\"noopener\">Nordstarter<\/a> and <a href=\"https:\/\/www.startnext.com\/via-crucis-migrante\" target=\"_blank\" rel=\"noopener\">Startnext<\/a><\/p>\n<p style=\"text-align: center;\"><strong>Partners<\/strong><\/p>\n<p style=\"text-align: center;\"><a href=\"http:\/\/www.mexiko-koordination.de\/\">Amnesty International<\/a><\/p>\n<p style=\"text-align: center;\"><a href=\"http:\/\/mexiko-koordination.de\">Deutsche Menschenrechtskoordination Mexiko<\/a><\/p>\n<p style=\"text-align: center;\">Migrantenherberge<a href=\"http:\/\/www.la72.org\/\" target=\"_blank\" rel=\"noopener\"> La72 <\/a>in Tenosique, Tabasco<\/p>\n<p style=\"text-align: center;\"><strong>Links<\/strong><\/p>\n<p style=\"text-align: center;\"><a href=\"http:\/\/www.imdb.com\/title\/tt5298196\/\">International Movie Database<\/a><\/p>\n<p style=\"text-align: center;\"><a href=\"https:\/\/www.themoviedb.org\/movie\/437244-viacrucis-migrante\">The Movie DB<\/a><\/p>\n<p style=\"text-align: center;\"><a href=\"https:\/\/www.facebook.com\/viacrucismigrante\">Facebook<\/a><\/p>\n<p style=\"text-align: center;\"><a href=\"https:\/\/de.wikipedia.org\/wiki\/Viacrucis_Migrante_-_Kreuzweg_der_Migrant_innen\">Wikipedia<\/a><\/p>\n","protected":false},"excerpt":{"rendered":"<p>Production Hauke Lorenz Filmproduktion and Supporters Filmf\u00f6rderung Hamburg Schleswig-Holstein, Filmwerkstatt Kiel Missionszentrale der Franziskaner Gef\u00f6rdert aus Mitteln der Kirchlichen Entwicklungsdienstes durch Brot f\u00fcr die Welt &#8211; Evangelischer Entwicklungsdienst Evangelisches Zentrum [&hellip;]<\/p>\n","protected":false},"author":1,"featured_media":0,"parent":0,"menu_order":0,"comment_status":"closed","ping_status":"closed","template":"","meta":{"jetpack_post_was_ever_published":false,"footnotes":""},"class_list":["post-250","page","type-page","status-publish","hentry"],"yoast_head":"<!-- This site is optimized with the Yoast SEO plugin v27.3 - https:\/\/yoast.com\/product\/yoast-seo-wordpress\/ -->\n<title>Links \/ Supporters<\/title>\n<meta name=\"description\" content=\"Production Hauke Lorenz Filmproduktion and Supporters Filmf\u00f6rderung Hamburg Schleswig-Holstein, Filmwerkstatt Kiel Missionszentrale der Franziskaner Gef\u00f6rdert aus Mitteln der Kirchlichen Entwicklungsdienstes durch Brot f\u00fcr die Welt - Evangelischer Entwicklungsdienst Evangelisches Zentrum f\u00fcr entwicklungsbezogene Filmarbeit - EZEF MISEREOR Crowdfundingcampaign at Nordstarter and Startnext Partners Amnesty International Deutsche Menschenrechtskoordination Mexiko Migrantenherberge La72 in Tenosique, Tabasco Links International Movie&hellip;\" \/>\n<meta name=\"robots\" content=\"index, follow, max-snippet:-1, max-image-preview:large, max-video-preview:-1\" \/>\n<link rel=\"canonical\" href=\"http:\/\/Production%20Hauke%20Lorenz%20Filmproduktion%20and%20Supporters%20Filmf\u00f6rderung%20Hamburg%20Schleswig-Holstein,%20Filmwerkstatt%20Kiel%20Missionszentrale%20der%20Franziskaner%20Gef\u00f6rdert%20aus%20Mitteln%20der%20Kirchlichen%20Entwicklungsdienstes%20durch%20Brot%20f\u00fcr%20die%20Welt%20-%20Evangelischer%20Entwicklungsdienst%20Evangelisches%20Zentrum%20f\u00fcr%20entwicklungsbezogene%20Filmarbeit%20-%20EZEF%20MISEREOR%20Crowdfundingcampaign%20at%20Nordstarter%20and%20Startnext%20Partners%20Amnesty%20International%20Deutsche%20Menschenrechtskoordination%20Mexiko%20Migrantenherberge%20La72%20in%20Tenosique,%20Tabasco%20Links%20International%20Movie&hellip;\" \/>\n<meta property=\"og:locale\" content=\"es_MX\" \/>\n<meta property=\"og:type\" content=\"article\" \/>\n<meta property=\"og:title\" content=\"Links \/ Supporters\" \/>\n<meta property=\"og:description\" content=\"Production Hauke Lorenz Filmproduktion and Supporters Filmf\u00f6rderung Hamburg Schleswig-Holstein, Filmwerkstatt Kiel Missionszentrale der Franziskaner Gef\u00f6rdert aus Mitteln der Kirchlichen Entwicklungsdienstes durch Brot f\u00fcr die Welt - Evangelischer Entwicklungsdienst Evangelisches Zentrum f\u00fcr entwicklungsbezogene Filmarbeit - EZEF MISEREOR Crowdfundingcampaign at Nordstarter and Startnext Partners Amnesty International Deutsche Menschenrechtskoordination Mexiko Migrantenherberge La72 in Tenosique, Tabasco Links International Movie&hellip;\" \/>\n<meta property=\"og:url\" content=\"https:\/\/viacrucismigrante.com\/es\/links-unterstuetzer\/\" \/>\n<meta property=\"og:site_name\" content=\"Dokumentarfilm\" \/>\n<meta property=\"article:publisher\" content=\"http:\/\/www.facebook.com\/transitmigrant\" \/>\n<meta property=\"article:modified_time\" content=\"2022-09-25T11:16:02+00:00\" \/>\n<meta property=\"og:image\" content=\"http:\/\/viacrucismigrante.com\/wp-content\/uploads\/2016\/02\/TIDE-Logo-11_2013_JPG-weiss-auf-gruen-1024x307.jpg\" \/>\n<meta name=\"twitter:card\" content=\"summary_large_image\" \/>\n<meta name=\"twitter:site\" content=\"@transitmigrant\" \/>\n<script type=\"application\/ld+json\" class=\"yoast-schema-graph\">{\"@context\":\"https:\\\/\\\/schema.org\",\"@graph\":[{\"@type\":\"WebPage\",\"@id\":\"https:\\\/\\\/viacrucismigrante.com\\\/es\\\/links-unterstuetzer\\\/\",\"url\":\"https:\\\/\\\/viacrucismigrante.com\\\/es\\\/links-unterstuetzer\\\/\",\"name\":\"Links \\\/ Supporters - Dokumentarfilm\",\"isPartOf\":{\"@id\":\"https:\\\/\\\/viacrucismigrante.com\\\/es\\\/#website\"},\"primaryImageOfPage\":{\"@id\":\"https:\\\/\\\/viacrucismigrante.com\\\/es\\\/links-unterstuetzer\\\/#primaryimage\"},\"image\":{\"@id\":\"https:\\\/\\\/viacrucismigrante.com\\\/es\\\/links-unterstuetzer\\\/#primaryimage\"},\"thumbnailUrl\":\"http:\\\/\\\/viacrucismigrante.com\\\/wp-content\\\/uploads\\\/2016\\\/02\\\/TIDE-Logo-11_2013_JPG-weiss-auf-gruen-1024x307.jpg\",\"datePublished\":\"2016-01-31T15:10:43+00:00\",\"dateModified\":\"2022-09-25T11:16:02+00:00\",\"breadcrumb\":{\"@id\":\"https:\\\/\\\/viacrucismigrante.com\\\/es\\\/links-unterstuetzer\\\/#breadcrumb\"},\"inLanguage\":\"es\",\"potentialAction\":[{\"@type\":\"ReadAction\",\"target\":[\"https:\\\/\\\/viacrucismigrante.com\\\/es\\\/links-unterstuetzer\\\/\"]}]},{\"@type\":\"ImageObject\",\"inLanguage\":\"es\",\"@id\":\"https:\\\/\\\/viacrucismigrante.com\\\/es\\\/links-unterstuetzer\\\/#primaryimage\",\"url\":\"http:\\\/\\\/viacrucismigrante.com\\\/wp-content\\\/uploads\\\/2016\\\/02\\\/TIDE-Logo-11_2013_JPG-weiss-auf-gruen-1024x307.jpg\",\"contentUrl\":\"http:\\\/\\\/viacrucismigrante.com\\\/wp-content\\\/uploads\\\/2016\\\/02\\\/TIDE-Logo-11_2013_JPG-weiss-auf-gruen-1024x307.jpg\"},{\"@type\":\"BreadcrumbList\",\"@id\":\"https:\\\/\\\/viacrucismigrante.com\\\/es\\\/links-unterstuetzer\\\/#breadcrumb\",\"itemListElement\":[{\"@type\":\"ListItem\",\"position\":1,\"name\":\"Documentary \\\"Viacrucis Migrante - Migrant Crossing\\\"\",\"item\":\"https:\\\/\\\/viacrucismigrante.com\\\/\"},{\"@type\":\"ListItem\",\"position\":2,\"name\":\"Links \\\/ Supporters\"}]},{\"@type\":\"WebSite\",\"@id\":\"https:\\\/\\\/viacrucismigrante.com\\\/es\\\/#website\",\"url\":\"https:\\\/\\\/viacrucismigrante.com\\\/es\\\/\",\"name\":\"Dokumentarfilm\",\"description\":\"Viacrucis Migrante - Kreuzweg der Migrant_innen - Migrant crossing\",\"potentialAction\":[{\"@type\":\"SearchAction\",\"target\":{\"@type\":\"EntryPoint\",\"urlTemplate\":\"https:\\\/\\\/viacrucismigrante.com\\\/es\\\/es\\\/?s={search_term_string}\"},\"query-input\":{\"@type\":\"PropertyValueSpecification\",\"valueRequired\":true,\"valueName\":\"search_term_string\"}}],\"inLanguage\":\"es\"}]}<\/script>\n<!-- \/ Yoast SEO plugin. -->","yoast_head_json":{"title":"Links \/ Supporters","description":"Production Hauke Lorenz Filmproduktion and Supporters Filmf\u00f6rderung Hamburg Schleswig-Holstein, Filmwerkstatt Kiel Missionszentrale der Franziskaner Gef\u00f6rdert aus Mitteln der Kirchlichen Entwicklungsdienstes durch Brot f\u00fcr die Welt - Evangelischer Entwicklungsdienst Evangelisches Zentrum f\u00fcr entwicklungsbezogene Filmarbeit - EZEF MISEREOR Crowdfundingcampaign at Nordstarter and Startnext Partners Amnesty International Deutsche Menschenrechtskoordination Mexiko Migrantenherberge La72 in Tenosique, Tabasco Links International Movie&hellip;","robots":{"index":"index","follow":"follow","max-snippet":"max-snippet:-1","max-image-preview":"max-image-preview:large","max-video-preview":"max-video-preview:-1"},"canonical":"Production Hauke Lorenz Filmproduktion and Supporters Filmf\u00f6rderung Hamburg Schleswig-Holstein, Filmwerkstatt Kiel Missionszentrale der Franziskaner Gef\u00f6rdert aus Mitteln der Kirchlichen Entwicklungsdienstes durch Brot f\u00fcr die Welt - Evangelischer Entwicklungsdienst Evangelisches Zentrum f\u00fcr entwicklungsbezogene Filmarbeit - EZEF MISEREOR Crowdfundingcampaign at Nordstarter and Startnext Partners Amnesty International Deutsche Menschenrechtskoordination Mexiko Migrantenherberge La72 in Tenosique, Tabasco Links International Movie&hellip;","og_locale":"es_MX","og_type":"article","og_title":"Links \/ Supporters","og_description":"Production Hauke Lorenz Filmproduktion and Supporters Filmf\u00f6rderung Hamburg Schleswig-Holstein, Filmwerkstatt Kiel Missionszentrale der Franziskaner Gef\u00f6rdert aus Mitteln der Kirchlichen Entwicklungsdienstes durch Brot f\u00fcr die Welt - Evangelischer Entwicklungsdienst Evangelisches Zentrum f\u00fcr entwicklungsbezogene Filmarbeit - EZEF MISEREOR Crowdfundingcampaign at Nordstarter and Startnext Partners Amnesty International Deutsche Menschenrechtskoordination Mexiko Migrantenherberge La72 in Tenosique, Tabasco Links International Movie&hellip;","og_url":"https:\/\/viacrucismigrante.com\/es\/links-unterstuetzer\/","og_site_name":"Dokumentarfilm","article_publisher":"http:\/\/www.facebook.com\/transitmigrant","article_modified_time":"2022-09-25T11:16:02+00:00","og_image":[{"url":"http:\/\/viacrucismigrante.com\/wp-content\/uploads\/2016\/02\/TIDE-Logo-11_2013_JPG-weiss-auf-gruen-1024x307.jpg","type":"","width":"","height":""}],"twitter_card":"summary_large_image","twitter_site":"@transitmigrant","schema":{"@context":"https:\/\/schema.org","@graph":[{"@type":"WebPage","@id":"https:\/\/viacrucismigrante.com\/es\/links-unterstuetzer\/","url":"https:\/\/viacrucismigrante.com\/es\/links-unterstuetzer\/","name":"Links \/ Supporters - Dokumentarfilm","isPartOf":{"@id":"https:\/\/viacrucismigrante.com\/es\/#website"},"primaryImageOfPage":{"@id":"https:\/\/viacrucismigrante.com\/es\/links-unterstuetzer\/#primaryimage"},"image":{"@id":"https:\/\/viacrucismigrante.com\/es\/links-unterstuetzer\/#primaryimage"},"thumbnailUrl":"http:\/\/viacrucismigrante.com\/wp-content\/uploads\/2016\/02\/TIDE-Logo-11_2013_JPG-weiss-auf-gruen-1024x307.jpg","datePublished":"2016-01-31T15:10:43+00:00","dateModified":"2022-09-25T11:16:02+00:00","breadcrumb":{"@id":"https:\/\/viacrucismigrante.com\/es\/links-unterstuetzer\/#breadcrumb"},"inLanguage":"es","potentialAction":[{"@type":"ReadAction","target":["https:\/\/viacrucismigrante.com\/es\/links-unterstuetzer\/"]}]},{"@type":"ImageObject","inLanguage":"es","@id":"https:\/\/viacrucismigrante.com\/es\/links-unterstuetzer\/#primaryimage","url":"http:\/\/viacrucismigrante.com\/wp-content\/uploads\/2016\/02\/TIDE-Logo-11_2013_JPG-weiss-auf-gruen-1024x307.jpg","contentUrl":"http:\/\/viacrucismigrante.com\/wp-content\/uploads\/2016\/02\/TIDE-Logo-11_2013_JPG-weiss-auf-gruen-1024x307.jpg"},{"@type":"BreadcrumbList","@id":"https:\/\/viacrucismigrante.com\/es\/links-unterstuetzer\/#breadcrumb","itemListElement":[{"@type":"ListItem","position":1,"name":"Documentary \"Viacrucis Migrante - Migrant Crossing\"","item":"https:\/\/viacrucismigrante.com\/"},{"@type":"ListItem","position":2,"name":"Links \/ Supporters"}]},{"@type":"WebSite","@id":"https:\/\/viacrucismigrante.com\/es\/#website","url":"https:\/\/viacrucismigrante.com\/es\/","name":"Dokumentarfilm","description":"Viacrucis Migrante - Kreuzweg der Migrant_innen - Migrant crossing","potentialAction":[{"@type":"SearchAction","target":{"@type":"EntryPoint","urlTemplate":"https:\/\/viacrucismigrante.com\/es\/es\/?s={search_term_string}"},"query-input":{"@type":"PropertyValueSpecification","valueRequired":true,"valueName":"search_term_string"}}],"inLanguage":"es"}]}},"jetpack_sharing_enabled":true,"jetpack_shortlink":"https:\/\/wp.me\/P6Pgln-42","jetpack-related-posts":[{"id":788,"url":"https:\/\/viacrucismigrante.com\/es\/presse\/","url_meta":{"origin":250,"position":0},"title":"press","author":"Hauke Lorenz","date":"11. enero 2017","format":false,"excerpt":"Fl\u00fcchtlingsroute in Mexiko - Zwischen Hoffnung und Lebensgefahr - SHZ 12.03.2016 Viacrucis Migrante - Kreuzweg der Migrant_innen - Filmszene Schleswig-Holstein 20.03.2016 Dokumentarfilm \"Viacrucis Migrante\" \u00fcber Migration durch Mexiko - amnesty.de Migration als Passionsgeschichte - TAZ 04.08.2016 ViaCrucis Migrante - Colletivo Antigone 11.08.2016 Recuerdan la masacre de San Fernando con el\u2026","rel":"","context":"Entrada similar ","block_context":{"text":"Entrada similar ","link":""},"img":{"alt_text":"","src":"","width":0,"height":0},"classes":[]},{"id":174,"url":"https:\/\/viacrucismigrante.com\/es\/kontakt-presse\/","url_meta":{"origin":250,"position":1},"title":"contact \/ rental \/ press \/ reviews","author":"Hauke Lorenz","date":"21. enero 2016","format":false,"excerpt":"Production: Hauke Lorenz Documentarys and Education Cel: +4915777808933 and TIDE - Hamburgs Communitysender und Ausbildungskanal Rental in the US: Cinema on Demand via TUGG.Inc Rental for Germany: Die Thede e.V. For other countries please contact the producer! Downloads: Press release: (german) (spanish) (english) Poster Filmstils Link to english trailer: https:\/\/vimeo.com\/149637914\u2026","rel":"","context":"Entrada similar ","block_context":{"text":"Entrada similar ","link":""},"img":{"alt_text":"","src":"","width":0,"height":0},"classes":[]},{"id":94,"url":"https:\/\/viacrucismigrante.com\/es\/","url_meta":{"origin":250,"position":2},"title":"Documentary \"Viacrucis Migrante - Migrant Crossing\"","author":"Hauke Lorenz","date":"13. noviembre 2015","format":false,"excerpt":"\u00a0 \u00a0 https:\/\/vimeo.com\/149637914 PRESSRELEASE Hamburg, 26 of January of 2015 Mexico's like the Mediterranean Not only fleeing across the Mediterranean to Europe or the Mexico-US-border is perilous, for Central and South Americans also the Journey through Mexico to get to the US-border is potentially lethal. The documentary \"Viacrucis Migrante \u2013\u2026","rel":"","context":"Entrada similar ","block_context":{"text":"Entrada similar ","link":""},"img":{"alt_text":"","src":"","width":0,"height":0},"classes":[]}],"_links":{"self":[{"href":"https:\/\/viacrucismigrante.com\/es\/wp-json\/wp\/v2\/pages\/250","targetHints":{"allow":["GET"]}}],"collection":[{"href":"https:\/\/viacrucismigrante.com\/es\/wp-json\/wp\/v2\/pages"}],"about":[{"href":"https:\/\/viacrucismigrante.com\/es\/wp-json\/wp\/v2\/types\/page"}],"author":[{"embeddable":true,"href":"https:\/\/viacrucismigrante.com\/es\/wp-json\/wp\/v2\/users\/1"}],"replies":[{"embeddable":true,"href":"https:\/\/viacrucismigrante.com\/es\/wp-json\/wp\/v2\/comments?post=250"}],"version-history":[{"count":29,"href":"https:\/\/viacrucismigrante.com\/es\/wp-json\/wp\/v2\/pages\/250\/revisions"}],"predecessor-version":[{"id":3241,"href":"https:\/\/viacrucismigrante.com\/es\/wp-json\/wp\/v2\/pages\/250\/revisions\/3241"}],"wp:attachment":[{"href":"https:\/\/viacrucismigrante.com\/es\/wp-json\/wp\/v2\/media?parent=250"}],"curies":[{"name":"wp","href":"https:\/\/api.w.org\/{rel}","templated":true}]}}