{"id":284,"date":"2016-02-26T16:18:08","date_gmt":"2016-02-26T15:18:08","guid":{"rendered":"http:\/\/viacrucismigrante.com\/?page_id=284"},"modified":"2022-09-25T13:16:02","modified_gmt":"2022-09-25T11:16:02","slug":"eventos","status":"publish","type":"page","link":"https:\/\/viacrucismigrante.com\/es\/eventos\/","title":{"rendered":"Events"},"content":{"rendered":"<p>[eme_events]<\/p>\n<p>Events on Facebook: <a href=\"http:\/\/www.facebook.com\/viacrucismigrante\/events\">www.facebook.com\/viacrucismigrante\/events<\/a><\/p>\n","protected":false},"excerpt":{"rendered":"<p>[eme_events] Events on Facebook: www.facebook.com\/viacrucismigrante\/events<\/p>\n","protected":false},"author":1,"featured_media":0,"parent":0,"menu_order":0,"comment_status":"closed","ping_status":"closed","template":"","meta":{"jetpack_post_was_ever_published":false,"footnotes":""},"class_list":["post-284","page","type-page","status-publish","hentry"],"yoast_head":"<!-- This site is optimized with the Yoast SEO plugin v27.4 - https:\/\/yoast.com\/product\/yoast-seo-wordpress\/ -->\n<title>Events<\/title>\n<meta name=\"description\" content=\"[eme_events] Events on Facebook: www.facebook.com\/viacrucismigrante\/events\" \/>\n<meta name=\"robots\" content=\"index, follow, max-snippet:-1, max-image-preview:large, max-video-preview:-1\" \/>\n<link rel=\"canonical\" href=\"\" \/>\n<meta property=\"og:locale\" content=\"es_MX\" \/>\n<meta property=\"og:type\" content=\"article\" \/>\n<meta property=\"og:title\" content=\"Events\" \/>\n<meta property=\"og:description\" content=\"[eme_events] Events on Facebook: www.facebook.com\/viacrucismigrante\/events\" \/>\n<meta property=\"og:url\" content=\"https:\/\/viacrucismigrante.com\/es\/eventos\/\" \/>\n<meta property=\"og:site_name\" content=\"Dokumentarfilm\" \/>\n<meta property=\"article:publisher\" content=\"http:\/\/www.facebook.com\/transitmigrant\" \/>\n<meta property=\"article:modified_time\" content=\"2022-09-25T11:16:02+00:00\" \/>\n<meta property=\"og:image\" content=\"https:\/\/i0.wp.com\/viacrucismigrante.com\/wp-content\/uploads\/2015\/10\/cropped-Carlos-ITV4.jpg?fit=1200%2C800&ssl=1\" \/>\n\t<meta property=\"og:image:width\" content=\"1200\" \/>\n\t<meta property=\"og:image:height\" content=\"800\" \/>\n\t<meta property=\"og:image:type\" content=\"image\/jpeg\" \/>\n<meta name=\"twitter:card\" content=\"summary_large_image\" \/>\n<meta name=\"twitter:site\" content=\"@transitmigrant\" \/>\n<script type=\"application\/ld+json\" class=\"yoast-schema-graph\">{\"@context\":\"https:\\\/\\\/schema.org\",\"@graph\":[{\"@type\":\"WebPage\",\"@id\":\"https:\\\/\\\/viacrucismigrante.com\\\/es\\\/eventos\\\/\",\"url\":\"https:\\\/\\\/viacrucismigrante.com\\\/es\\\/eventos\\\/\",\"name\":\"Events - Dokumentarfilm\",\"isPartOf\":{\"@id\":\"https:\\\/\\\/viacrucismigrante.com\\\/es\\\/#website\"},\"datePublished\":\"2016-02-26T15:18:08+00:00\",\"dateModified\":\"2022-09-25T11:16:02+00:00\",\"breadcrumb\":{\"@id\":\"https:\\\/\\\/viacrucismigrante.com\\\/es\\\/eventos\\\/#breadcrumb\"},\"inLanguage\":\"es\",\"potentialAction\":[{\"@type\":\"ReadAction\",\"target\":[\"https:\\\/\\\/viacrucismigrante.com\\\/es\\\/eventos\\\/\"]}]},{\"@type\":\"BreadcrumbList\",\"@id\":\"https:\\\/\\\/viacrucismigrante.com\\\/es\\\/eventos\\\/#breadcrumb\",\"itemListElement\":[{\"@type\":\"ListItem\",\"position\":1,\"name\":\"Documentary \\\"Viacrucis Migrante - Migrant Crossing\\\"\",\"item\":\"https:\\\/\\\/viacrucismigrante.com\\\/\"},{\"@type\":\"ListItem\",\"position\":2,\"name\":\"Events\"}]},{\"@type\":\"WebSite\",\"@id\":\"https:\\\/\\\/viacrucismigrante.com\\\/es\\\/#website\",\"url\":\"https:\\\/\\\/viacrucismigrante.com\\\/es\\\/\",\"name\":\"Dokumentarfilm\",\"description\":\"Viacrucis Migrante - Kreuzweg der Migrant_innen - Migrant crossing\",\"potentialAction\":[{\"@type\":\"SearchAction\",\"target\":{\"@type\":\"EntryPoint\",\"urlTemplate\":\"https:\\\/\\\/viacrucismigrante.com\\\/es\\\/es\\\/?s={search_term_string}\"},\"query-input\":{\"@type\":\"PropertyValueSpecification\",\"valueRequired\":true,\"valueName\":\"search_term_string\"}}],\"inLanguage\":\"es\"}]}<\/script>\n<!-- \/ Yoast SEO plugin. -->","yoast_head_json":{"title":"Events","description":"[eme_events] Events on Facebook: www.facebook.com\/viacrucismigrante\/events","robots":{"index":"index","follow":"follow","max-snippet":"max-snippet:-1","max-image-preview":"max-image-preview:large","max-video-preview":"max-video-preview:-1"},"canonical":"[eme_events] Events on Facebook: www.facebook.com\/viacrucismigrante\/events","og_locale":"es_MX","og_type":"article","og_title":"Events","og_description":"[eme_events] Events on Facebook: www.facebook.com\/viacrucismigrante\/events","og_url":"https:\/\/viacrucismigrante.com\/es\/eventos\/","og_site_name":"Dokumentarfilm","article_publisher":"http:\/\/www.facebook.com\/transitmigrant","article_modified_time":"2022-09-25T11:16:02+00:00","og_image":[{"width":1200,"height":800,"url":"https:\/\/i0.wp.com\/viacrucismigrante.com\/wp-content\/uploads\/2015\/10\/cropped-Carlos-ITV4.jpg?fit=1200%2C800&ssl=1","type":"image\/jpeg"}],"twitter_card":"summary_large_image","twitter_site":"@transitmigrant","schema":{"@context":"https:\/\/schema.org","@graph":[{"@type":"WebPage","@id":"https:\/\/viacrucismigrante.com\/es\/eventos\/","url":"https:\/\/viacrucismigrante.com\/es\/eventos\/","name":"Events - Dokumentarfilm","isPartOf":{"@id":"https:\/\/viacrucismigrante.com\/es\/#website"},"datePublished":"2016-02-26T15:18:08+00:00","dateModified":"2022-09-25T11:16:02+00:00","breadcrumb":{"@id":"https:\/\/viacrucismigrante.com\/es\/eventos\/#breadcrumb"},"inLanguage":"es","potentialAction":[{"@type":"ReadAction","target":["https:\/\/viacrucismigrante.com\/es\/eventos\/"]}]},{"@type":"BreadcrumbList","@id":"https:\/\/viacrucismigrante.com\/es\/eventos\/#breadcrumb","itemListElement":[{"@type":"ListItem","position":1,"name":"Documentary \"Viacrucis Migrante - Migrant Crossing\"","item":"https:\/\/viacrucismigrante.com\/"},{"@type":"ListItem","position":2,"name":"Events"}]},{"@type":"WebSite","@id":"https:\/\/viacrucismigrante.com\/es\/#website","url":"https:\/\/viacrucismigrante.com\/es\/","name":"Dokumentarfilm","description":"Viacrucis Migrante - Kreuzweg der Migrant_innen - Migrant crossing","potentialAction":[{"@type":"SearchAction","target":{"@type":"EntryPoint","urlTemplate":"https:\/\/viacrucismigrante.com\/es\/es\/?s={search_term_string}"},"query-input":{"@type":"PropertyValueSpecification","valueRequired":true,"valueName":"search_term_string"}}],"inLanguage":"es"}]}},"jetpack_sharing_enabled":true,"jetpack_shortlink":"https:\/\/wp.me\/P6Pgln-4A","jetpack-related-posts":[{"id":250,"url":"https:\/\/viacrucismigrante.com\/es\/links-unterstuetzer\/","url_meta":{"origin":284,"position":0},"title":"Links \/ Supporters","author":"Hauke Lorenz","date":"31. enero 2016","format":false,"excerpt":"Production Hauke Lorenz Filmproduktion and Supporters Filmf\u00f6rderung Hamburg Schleswig-Holstein, Filmwerkstatt Kiel Missionszentrale der Franziskaner Gef\u00f6rdert aus Mitteln der Kirchlichen Entwicklungsdienstes durch Brot f\u00fcr die Welt - Evangelischer Entwicklungsdienst Evangelisches Zentrum f\u00fcr entwicklungsbezogene Filmarbeit - EZEF MISEREOR Crowdfundingcampaign at Nordstarter and Startnext Partners Amnesty International Deutsche Menschenrechtskoordination Mexiko Migrantenherberge La72 in\u2026","rel":"","context":"Entrada similar ","block_context":{"text":"Entrada similar ","link":""},"img":{"alt_text":"TIDE","src":"https:\/\/i0.wp.com\/viacrucismigrante.com\/wp-content\/uploads\/2016\/02\/TIDE-Logo-11_2013_JPG-weiss-auf-gruen-1024x307.jpg?resize=350%2C200","width":350,"height":200},"classes":[]},{"id":888,"url":"https:\/\/viacrucismigrante.com\/es\/shop\/","url_meta":{"origin":284,"position":1},"title":"Shop","author":"Hauke Lorenz","date":"3. mayo 2017","format":false,"excerpt":"","rel":"","context":"Entrada similar ","block_context":{"text":"Entrada similar ","link":""},"img":{"alt_text":"","src":"","width":0,"height":0},"classes":[]},{"id":890,"url":"https:\/\/viacrucismigrante.com\/es\/warenkorb\/","url_meta":{"origin":284,"position":2},"title":"Warenkorb","author":"Hauke Lorenz","date":"3. mayo 2017","format":false,"excerpt":"[woocommerce_cart]","rel":"","context":"Entrada similar ","block_context":{"text":"Entrada similar ","link":""},"img":{"alt_text":"","src":"","width":0,"height":0},"classes":[]},{"id":921,"url":"https:\/\/viacrucismigrante.com\/es\/presskit\/","url_meta":{"origin":284,"position":3},"title":"PRESS KIT","author":"Hauke Lorenz","date":"21. julio 2017","format":false,"excerpt":"","rel":"","context":"Entrada similar ","block_context":{"text":"Entrada similar ","link":""},"img":{"alt_text":"","src":"","width":0,"height":0},"classes":[]},{"id":515,"url":"https:\/\/viacrucismigrante.com\/es\/orte\/","url_meta":{"origin":284,"position":4},"title":"Places","author":"Hauke Lorenz","date":"2. junio 2016","format":false,"excerpt":"[eme_locations]","rel":"","context":"Entrada similar ","block_context":{"text":"Entrada similar ","link":""},"img":{"alt_text":"","src":"","width":0,"height":0},"classes":[]},{"id":559,"url":"https:\/\/viacrucismigrante.com\/es\/chronosly-base\/","url_meta":{"origin":284,"position":5},"title":"Chronosly base","author":"Hauke Lorenz","date":"10. junio 2016","format":false,"excerpt":"[chronoslybase]","rel":"","context":"Entrada similar ","block_context":{"text":"Entrada similar ","link":""},"img":{"alt_text":"","src":"","width":0,"height":0},"classes":[]}],"_links":{"self":[{"href":"https:\/\/viacrucismigrante.com\/es\/wp-json\/wp\/v2\/pages\/284","targetHints":{"allow":["GET"]}}],"collection":[{"href":"https:\/\/viacrucismigrante.com\/es\/wp-json\/wp\/v2\/pages"}],"about":[{"href":"https:\/\/viacrucismigrante.com\/es\/wp-json\/wp\/v2\/types\/page"}],"author":[{"embeddable":true,"href":"https:\/\/viacrucismigrante.com\/es\/wp-json\/wp\/v2\/users\/1"}],"replies":[{"embeddable":true,"href":"https:\/\/viacrucismigrante.com\/es\/wp-json\/wp\/v2\/comments?post=284"}],"version-history":[{"count":37,"href":"https:\/\/viacrucismigrante.com\/es\/wp-json\/wp\/v2\/pages\/284\/revisions"}],"predecessor-version":[{"id":3239,"href":"https:\/\/viacrucismigrante.com\/es\/wp-json\/wp\/v2\/pages\/284\/revisions\/3239"}],"wp:attachment":[{"href":"https:\/\/viacrucismigrante.com\/es\/wp-json\/wp\/v2\/media?parent=284"}],"curies":[{"name":"wp","href":"https:\/\/api.w.org\/{rel}","templated":true}]}}