{"id":784,"date":"2017-01-11T12:35:21","date_gmt":"2017-01-11T11:35:21","guid":{"rendered":"http:\/\/viacrucismigrante.com\/?page_id=784"},"modified":"2022-09-25T13:16:01","modified_gmt":"2022-09-25T11:16:01","slug":"festivals","status":"publish","type":"page","link":"https:\/\/viacrucismigrante.com\/es\/festivals\/","title":{"rendered":"Festivals"},"content":{"rendered":"<p>17.03.2016 <a href=\"http:\/\/www.filmfest-sh.de\/presentation\/viacrucis-migrante-kreuzweg-der-migrant_innen\/\">Filmfest Schleswig-Holstein (Kiel)<\/a><\/p>\n<p>12.04.2016 <a href=\"http:\/\/www.contraelsilencio.org\/Documentos\/SeleccionOficial2016.pdf\">Contra el Silencio todas las Voces (Ciudad de M\u00e9xico)<\/a><\/p>\n<p>27.04.2016 <a href=\"https:\/\/www.nycindieff.com\/film\/migrant-crossing-viacrucis-migrante\">New York City Independent Film Festival<\/a><\/p>\n<p>19.05.2016 <a href=\"http:\/\/sta.uwi.edu\/fhe\/film\">World Festival of Emerging Cinema (Trinidad and Tobago)<\/a><\/p>\n<p>09.06.2016 <a href=\"http:\/\/www.dokumentarfilmwoche-bonn.de\/filme\/viacrucis-migrante\/\">Dokumentarfilmwoche Bonn<\/a><\/p>\n<p>13.06.2016 <a href=\"http:\/\/museodopobo.gal\/\">Mostra Internacional de Cine Etnogr\u00e1fico (Santiago de Compostella)<\/a><\/p>\n<p>19.06.2016 <a href=\"http:\/\/www.contraelsilencio.org\/Documentos\/SeleccionOficial2016.pdf\">Tlanchana (Metepec)<\/a><\/p>\n<p>25.06.2016 <a href=\"http:\/\/www.humandistrictfestival.com\/news\/the-screening-program-2016\/\">Human District Festival (Belgrad)<\/a><\/p>\n<p>23.08.2016 <a href=\"http:\/\/www.alemania-mexico.com\/de\/eventos\/solidaritat-mit-gefluchteten-menschen-und-migrant_innen-in-mexiko-und-deutschland\/\">A\u00f1o Dual Alemania-M\u00e9xico (Tenosique, Ciudad de M\u00e9xico, Tapachula, San Crist\u00f3bal de las Casas, Canc\u00fan, M\u00e9rida, Toluca, Guadalajara, Monterrey, San Felipe del Progreso, Durango, San Diego, Tijuana)<\/a><\/p>\n<p>12.12.2016 <a href=\"http:\/\/habanafilmfestival.com\/filme\/viacrucis-migrante-kreuzweg-der-migrant_innen\/\">Festival del Nuevo Cine Latinoamericano (La Habana)<\/a><\/p>\n","protected":false},"excerpt":{"rendered":"<p>17.03.2016 Filmfest Schleswig-Holstein (Kiel) 12.04.2016 Contra el Silencio todas las Voces (Ciudad de M\u00e9xico) 27.04.2016 New York City Independent Film Festival 19.05.2016 World Festival of Emerging Cinema (Trinidad and Tobago) [&hellip;]<\/p>\n","protected":false},"author":1,"featured_media":0,"parent":0,"menu_order":0,"comment_status":"closed","ping_status":"closed","template":"","meta":{"jetpack_post_was_ever_published":false,"footnotes":""},"class_list":["post-784","page","type-page","status-publish","hentry"],"yoast_head":"<!-- This site is optimized with the Yoast SEO plugin v27.3 - https:\/\/yoast.com\/product\/yoast-seo-wordpress\/ -->\n<title>Festivals<\/title>\n<meta name=\"description\" content=\"17.03.2016 Filmfest Schleswig-Holstein (Kiel) 12.04.2016 Contra el Silencio todas las Voces (Ciudad de M\u00e9xico) 27.04.2016 New York City Independent Film Festival 19.05.2016 World Festival of Emerging Cinema (Trinidad and Tobago) 09.06.2016 Dokumentarfilmwoche Bonn 13.06.2016 Mostra Internacional de Cine Etnogr\u00e1fico (Santiago de Compostella) 19.06.2016 Tlanchana (Metepec) 25.06.2016 Human District Festival (Belgrad) 23.08.2016 A\u00f1o Dual Alemania-M\u00e9xico (Tenosique,&hellip;\" \/>\n<meta name=\"robots\" content=\"index, follow, max-snippet:-1, max-image-preview:large, max-video-preview:-1\" \/>\n<link rel=\"canonical\" href=\"http:\/\/17.03.2016%20Filmfest%20Schleswig-Holstein%20(Kiel)%2012.04.2016%20Contra%20el%20Silencio%20todas%20las%20Voces%20(Ciudad%20de%20M\u00e9xico)%2027.04.2016%20New%20York%20City%20Independent%20Film%20Festival%2019.05.2016%20World%20Festival%20of%20Emerging%20Cinema%20(Trinidad%20and%20Tobago)%2009.06.2016%20Dokumentarfilmwoche%20Bonn%2013.06.2016%20Mostra%20Internacional%20de%20Cine%20Etnogr\u00e1fico%20(Santiago%20de%20Compostella)%2019.06.2016%20Tlanchana%20(Metepec)%2025.06.2016%20Human%20District%20Festival%20(Belgrad)%2023.08.2016%20A\u00f1o%20Dual%20Alemania-M\u00e9xico%20(Tenosique,&hellip;\" \/>\n<meta property=\"og:locale\" content=\"es_MX\" \/>\n<meta property=\"og:type\" content=\"article\" \/>\n<meta property=\"og:title\" content=\"Festivals\" \/>\n<meta property=\"og:description\" content=\"17.03.2016 Filmfest Schleswig-Holstein (Kiel) 12.04.2016 Contra el Silencio todas las Voces (Ciudad de M\u00e9xico) 27.04.2016 New York City Independent Film Festival 19.05.2016 World Festival of Emerging Cinema (Trinidad and Tobago) 09.06.2016 Dokumentarfilmwoche Bonn 13.06.2016 Mostra Internacional de Cine Etnogr\u00e1fico (Santiago de Compostella) 19.06.2016 Tlanchana (Metepec) 25.06.2016 Human District Festival (Belgrad) 23.08.2016 A\u00f1o Dual Alemania-M\u00e9xico (Tenosique,&hellip;\" \/>\n<meta property=\"og:url\" content=\"https:\/\/viacrucismigrante.com\/es\/festivals\/\" \/>\n<meta property=\"og:site_name\" content=\"Dokumentarfilm\" \/>\n<meta property=\"article:publisher\" content=\"http:\/\/www.facebook.com\/transitmigrant\" \/>\n<meta property=\"article:modified_time\" content=\"2022-09-25T11:16:01+00:00\" \/>\n<meta property=\"og:image\" content=\"https:\/\/i0.wp.com\/viacrucismigrante.com\/wp-content\/uploads\/2015\/10\/cropped-Carlos-ITV4.jpg?fit=1200%2C800&ssl=1\" \/>\n\t<meta property=\"og:image:width\" content=\"1200\" \/>\n\t<meta property=\"og:image:height\" content=\"800\" \/>\n\t<meta property=\"og:image:type\" content=\"image\/jpeg\" \/>\n<meta name=\"twitter:card\" content=\"summary_large_image\" \/>\n<meta name=\"twitter:site\" content=\"@transitmigrant\" \/>\n<script type=\"application\/ld+json\" class=\"yoast-schema-graph\">{\"@context\":\"https:\\\/\\\/schema.org\",\"@graph\":[{\"@type\":\"WebPage\",\"@id\":\"https:\\\/\\\/viacrucismigrante.com\\\/es\\\/festivals\\\/\",\"url\":\"https:\\\/\\\/viacrucismigrante.com\\\/es\\\/festivals\\\/\",\"name\":\"Festivals - Dokumentarfilm\",\"isPartOf\":{\"@id\":\"https:\\\/\\\/viacrucismigrante.com\\\/es\\\/#website\"},\"datePublished\":\"2017-01-11T11:35:21+00:00\",\"dateModified\":\"2022-09-25T11:16:01+00:00\",\"breadcrumb\":{\"@id\":\"https:\\\/\\\/viacrucismigrante.com\\\/es\\\/festivals\\\/#breadcrumb\"},\"inLanguage\":\"es\",\"potentialAction\":[{\"@type\":\"ReadAction\",\"target\":[\"https:\\\/\\\/viacrucismigrante.com\\\/es\\\/festivals\\\/\"]}]},{\"@type\":\"BreadcrumbList\",\"@id\":\"https:\\\/\\\/viacrucismigrante.com\\\/es\\\/festivals\\\/#breadcrumb\",\"itemListElement\":[{\"@type\":\"ListItem\",\"position\":1,\"name\":\"Documentary \\\"Viacrucis Migrante - Migrant Crossing\\\"\",\"item\":\"https:\\\/\\\/viacrucismigrante.com\\\/\"},{\"@type\":\"ListItem\",\"position\":2,\"name\":\"Festivals\"}]},{\"@type\":\"WebSite\",\"@id\":\"https:\\\/\\\/viacrucismigrante.com\\\/es\\\/#website\",\"url\":\"https:\\\/\\\/viacrucismigrante.com\\\/es\\\/\",\"name\":\"Dokumentarfilm\",\"description\":\"Viacrucis Migrante - Kreuzweg der Migrant_innen - Migrant crossing\",\"potentialAction\":[{\"@type\":\"SearchAction\",\"target\":{\"@type\":\"EntryPoint\",\"urlTemplate\":\"https:\\\/\\\/viacrucismigrante.com\\\/es\\\/es\\\/?s={search_term_string}\"},\"query-input\":{\"@type\":\"PropertyValueSpecification\",\"valueRequired\":true,\"valueName\":\"search_term_string\"}}],\"inLanguage\":\"es\"}]}<\/script>\n<!-- \/ Yoast SEO plugin. -->","yoast_head_json":{"title":"Festivals","description":"17.03.2016 Filmfest Schleswig-Holstein (Kiel) 12.04.2016 Contra el Silencio todas las Voces (Ciudad de M\u00e9xico) 27.04.2016 New York City Independent Film Festival 19.05.2016 World Festival of Emerging Cinema (Trinidad and Tobago) 09.06.2016 Dokumentarfilmwoche Bonn 13.06.2016 Mostra Internacional de Cine Etnogr\u00e1fico (Santiago de Compostella) 19.06.2016 Tlanchana (Metepec) 25.06.2016 Human District Festival (Belgrad) 23.08.2016 A\u00f1o Dual Alemania-M\u00e9xico (Tenosique,&hellip;","robots":{"index":"index","follow":"follow","max-snippet":"max-snippet:-1","max-image-preview":"max-image-preview:large","max-video-preview":"max-video-preview:-1"},"canonical":"17.03.2016 Filmfest Schleswig-Holstein (Kiel) 12.04.2016 Contra el Silencio todas las Voces (Ciudad de M\u00e9xico) 27.04.2016 New York City Independent Film Festival 19.05.2016 World Festival of Emerging Cinema (Trinidad and Tobago) 09.06.2016 Dokumentarfilmwoche Bonn 13.06.2016 Mostra Internacional de Cine Etnogr\u00e1fico (Santiago de Compostella) 19.06.2016 Tlanchana (Metepec) 25.06.2016 Human District Festival (Belgrad) 23.08.2016 A\u00f1o Dual Alemania-M\u00e9xico (Tenosique,&hellip;","og_locale":"es_MX","og_type":"article","og_title":"Festivals","og_description":"17.03.2016 Filmfest Schleswig-Holstein (Kiel) 12.04.2016 Contra el Silencio todas las Voces (Ciudad de M\u00e9xico) 27.04.2016 New York City Independent Film Festival 19.05.2016 World Festival of Emerging Cinema (Trinidad and Tobago) 09.06.2016 Dokumentarfilmwoche Bonn 13.06.2016 Mostra Internacional de Cine Etnogr\u00e1fico (Santiago de Compostella) 19.06.2016 Tlanchana (Metepec) 25.06.2016 Human District Festival (Belgrad) 23.08.2016 A\u00f1o Dual Alemania-M\u00e9xico (Tenosique,&hellip;","og_url":"https:\/\/viacrucismigrante.com\/es\/festivals\/","og_site_name":"Dokumentarfilm","article_publisher":"http:\/\/www.facebook.com\/transitmigrant","article_modified_time":"2022-09-25T11:16:01+00:00","og_image":[{"width":1200,"height":800,"url":"https:\/\/i0.wp.com\/viacrucismigrante.com\/wp-content\/uploads\/2015\/10\/cropped-Carlos-ITV4.jpg?fit=1200%2C800&ssl=1","type":"image\/jpeg"}],"twitter_card":"summary_large_image","twitter_site":"@transitmigrant","schema":{"@context":"https:\/\/schema.org","@graph":[{"@type":"WebPage","@id":"https:\/\/viacrucismigrante.com\/es\/festivals\/","url":"https:\/\/viacrucismigrante.com\/es\/festivals\/","name":"Festivals - Dokumentarfilm","isPartOf":{"@id":"https:\/\/viacrucismigrante.com\/es\/#website"},"datePublished":"2017-01-11T11:35:21+00:00","dateModified":"2022-09-25T11:16:01+00:00","breadcrumb":{"@id":"https:\/\/viacrucismigrante.com\/es\/festivals\/#breadcrumb"},"inLanguage":"es","potentialAction":[{"@type":"ReadAction","target":["https:\/\/viacrucismigrante.com\/es\/festivals\/"]}]},{"@type":"BreadcrumbList","@id":"https:\/\/viacrucismigrante.com\/es\/festivals\/#breadcrumb","itemListElement":[{"@type":"ListItem","position":1,"name":"Documentary \"Viacrucis Migrante - Migrant Crossing\"","item":"https:\/\/viacrucismigrante.com\/"},{"@type":"ListItem","position":2,"name":"Festivals"}]},{"@type":"WebSite","@id":"https:\/\/viacrucismigrante.com\/es\/#website","url":"https:\/\/viacrucismigrante.com\/es\/","name":"Dokumentarfilm","description":"Viacrucis Migrante - Kreuzweg der Migrant_innen - Migrant crossing","potentialAction":[{"@type":"SearchAction","target":{"@type":"EntryPoint","urlTemplate":"https:\/\/viacrucismigrante.com\/es\/es\/?s={search_term_string}"},"query-input":{"@type":"PropertyValueSpecification","valueRequired":true,"valueName":"search_term_string"}}],"inLanguage":"es"}]}},"jetpack_sharing_enabled":true,"jetpack_shortlink":"https:\/\/wp.me\/P6Pgln-cE","jetpack-related-posts":[],"_links":{"self":[{"href":"https:\/\/viacrucismigrante.com\/es\/wp-json\/wp\/v2\/pages\/784","targetHints":{"allow":["GET"]}}],"collection":[{"href":"https:\/\/viacrucismigrante.com\/es\/wp-json\/wp\/v2\/pages"}],"about":[{"href":"https:\/\/viacrucismigrante.com\/es\/wp-json\/wp\/v2\/types\/page"}],"author":[{"embeddable":true,"href":"https:\/\/viacrucismigrante.com\/es\/wp-json\/wp\/v2\/users\/1"}],"replies":[{"embeddable":true,"href":"https:\/\/viacrucismigrante.com\/es\/wp-json\/wp\/v2\/comments?post=784"}],"version-history":[{"count":2,"href":"https:\/\/viacrucismigrante.com\/es\/wp-json\/wp\/v2\/pages\/784\/revisions"}],"predecessor-version":[{"id":3223,"href":"https:\/\/viacrucismigrante.com\/es\/wp-json\/wp\/v2\/pages\/784\/revisions\/3223"}],"wp:attachment":[{"href":"https:\/\/viacrucismigrante.com\/es\/wp-json\/wp\/v2\/media?parent=784"}],"curies":[{"name":"wp","href":"https:\/\/api.w.org\/{rel}","templated":true}]}}